{"id":3,"date":"2026-01-03T23:25:11","date_gmt":"2026-01-03T23:25:11","guid":{"rendered":"http:\/\/elephant-lodge-cr.com\/?page_id=3"},"modified":"2026-01-04T13:15:06","modified_gmt":"2026-01-04T13:15:06","slug":"privacy-policy","status":"publish","type":"page","link":"https:\/\/elephant-lodge-cr.com\/de\/privacy-policy\/","title":{"rendered":"Datenschutzbestimmungen"},"content":{"rendered":"<h2 class=\"wp-block-heading\">Wer wir sind<\/h2>\n\n\n\n<p>Unsere Website-Adresse lautet: http:\/\/elephant-lodge-cr.com.<\/p>\n\n\n\n<h2 class=\"wp-block-heading\">Kommentare<\/h2>\n\n\n\n<p>Wenn Besucher Kommentare auf der Website hinterlassen, erfassen wir die im Kommentarformular angezeigten Daten sowie die IP-Adresse und den User-Agent-String des Browsers des Besuchers, um die Spam-Erkennung zu erleichtern.<\/p>\n\n\n\n<p>Eine anonymisierte Zeichenfolge, die aus Ihrer E-Mail-Adresse erstellt wird (auch Hash genannt), kann dem Gravatar-Dienst zur Verf\u00fcgung gestellt werden, um zu sehen, ob Sie ihn benutzen. Die Datenschutzrichtlinien des Gravatar-Dienstes finden Sie hier: https:\/\/automattic.com\/privacy\/. Nach der Freigabe Ihres Kommentars ist Ihr Profilbild im Zusammenhang mit Ihrem Kommentar \u00f6ffentlich sichtbar.<\/p>\n\n\n\n<h2 class=\"wp-block-heading\">Medien<\/h2>\n\n\n\n<p>Wenn Sie Bilder auf die Website hochladen, sollten Sie es vermeiden, Bilder hochzuladen, die eingebettete Standortdaten (EXIF-GPS) enthalten. Die Besucher der Website k\u00f6nnen alle Standortdaten von den Bildern auf der Website herunterladen und extrahieren.<\/p>\n\n\n\n<h2 class=\"wp-block-heading\">Cookies<\/h2>\n\n\n\n<p>Wenn Sie einen Kommentar auf unserer Website hinterlassen, k\u00f6nnen Sie sich damit einverstanden erkl\u00e4ren, dass Ihr Name, Ihre E-Mail-Adresse und Ihre Website in Cookies gespeichert werden. Diese dienen Ihrer Bequemlichkeit, damit Sie Ihre Daten nicht erneut eingeben m\u00fcssen, wenn Sie einen weiteren Kommentar hinterlassen. Diese Cookies sind ein Jahr lang g\u00fcltig.<\/p>\n\n\n\n<p>Wenn Sie unsere Anmeldeseite besuchen, setzen wir ein tempor\u00e4res Cookie, um festzustellen, ob Ihr Browser Cookies zul\u00e4sst. Dieses Cookie enth\u00e4lt keine pers\u00f6nlichen Daten und wird gel\u00f6scht, wenn Sie Ihren Browser schlie\u00dfen.<\/p>\n\n\n\n<p>Wenn Sie sich anmelden, legen wir au\u00dferdem mehrere Cookies an, um Ihre Anmeldeinformationen und die von Ihnen gew\u00e4hlten Bildschirmoptionen zu speichern. Die Anmelde-Cookies bleiben zwei Tage lang gespeichert, die Cookies f\u00fcr die Bildschirmoptionen ein Jahr lang. Wenn Sie \u201cRemember Me\u201d w\u00e4hlen, bleibt Ihr Login zwei Wochen lang erhalten. Wenn Sie sich von Ihrem Konto abmelden, werden die Anmelde-Cookies entfernt.<\/p>\n\n\n\n<p>Wenn Sie einen Artikel bearbeiten oder ver\u00f6ffentlichen, wird ein zus\u00e4tzliches Cookie in Ihrem Browser gespeichert. Dieses Cookie enth\u00e4lt keine pers\u00f6nlichen Daten und zeigt lediglich die Post-ID des Artikels an, den Sie gerade bearbeitet haben. Er verf\u00e4llt nach 1 Tag.<\/p>\n\n\n\n<h2 class=\"wp-block-heading\">Eingebettete Inhalte von anderen Websites<\/h2>\n\n\n\n<p>Die Artikel auf dieser Website k\u00f6nnen eingebettete Inhalte (z. B. Videos, Bilder, Artikel usw.) enthalten. Eingebettete Inhalte von anderen Websites verhalten sich genau so, als ob der Besucher die andere Website besucht h\u00e4tte.<\/p>\n\n\n\n<p>Diese Websites k\u00f6nnen Daten \u00fcber Sie sammeln, Cookies verwenden, zus\u00e4tzliche Trackingfunktionen von Dritten einbetten und Ihre Interaktion mit diesen eingebetteten Inhalten \u00fcberwachen, einschlie\u00dflich der Verfolgung Ihrer Interaktion mit den eingebetteten Inhalten, wenn Sie ein Konto haben und auf dieser Website angemeldet sind.<\/p>\n\n\n\n<h2 class=\"wp-block-heading\">Mit wem wir Ihre Daten teilen<\/h2>\n\n\n\n<p>Wenn Sie ein neues Passwort anfordern, wird Ihre IP-Adresse in der E-Mail mit dem neuen Passwort angegeben.<\/p>\n\n\n\n<h2 class=\"wp-block-heading\">Wie lange wir Ihre Daten aufbewahren<\/h2>\n\n\n\n<p>Wenn Sie einen Kommentar hinterlassen, werden der Kommentar und seine Metadaten auf unbestimmte Zeit gespeichert. Auf diese Weise k\u00f6nnen wir Folgekommentare automatisch erkennen und genehmigen, anstatt sie in einer Moderationswarteschlange zu halten.<\/p>\n\n\n\n<p>F\u00fcr Benutzer, die sich auf unserer Website registrieren (falls vorhanden), speichern wir auch die pers\u00f6nlichen Informationen, die sie in ihrem Benutzerprofil angeben. Alle Nutzer k\u00f6nnen ihre pers\u00f6nlichen Daten jederzeit einsehen, bearbeiten oder l\u00f6schen (sie k\u00f6nnen jedoch ihren Benutzernamen nicht \u00e4ndern). Auch die Administratoren der Website k\u00f6nnen diese Informationen einsehen und bearbeiten.<\/p>\n\n\n\n<h2 class=\"wp-block-heading\">Welche Rechte Sie an Ihren Daten haben<\/h2>\n\n\n\n<p>Wenn Sie ein Konto auf dieser Website haben oder Kommentare hinterlassen haben, k\u00f6nnen Sie eine exportierte Datei mit den personenbezogenen Daten anfordern, die wir \u00fcber Sie gespeichert haben, einschlie\u00dflich aller Daten, die Sie uns zur Verf\u00fcgung gestellt haben. Sie k\u00f6nnen auch verlangen, dass wir alle personenbezogenen Daten, die wir \u00fcber Sie gespeichert haben, l\u00f6schen. Davon ausgenommen sind Daten, die wir aus verwaltungstechnischen, rechtlichen oder sicherheitsrelevanten Gr\u00fcnden aufbewahren m\u00fcssen.<\/p>\n\n\n\n<h2 class=\"wp-block-heading\">Wohin Ihre Daten gesendet werden<\/h2>\n\n\n\n<p>Die Kommentare der Besucher k\u00f6nnen durch einen automatischen Spam-Erkennungsdienst \u00fcberpr\u00fcft werden.<\/p>\n\n\n\n<p><\/p>","protected":false},"excerpt":{"rendered":"<p>Who we are Our website address is: http:\/\/elephant-lodge-cr.com. Comments When visitors leave comments on the site we collect the data shown in the comments form, and also the visitor\u2019s IP address and browser user agent string to help spam detection. An anonymized string created from your email address (also called a hash) may be provided to the Gravatar service to see if you are using it. The Gravatar service privacy policy is available here: https:\/\/automattic.com\/privacy\/. After approval of your comment, your profile picture is visible to the public in the context of your comment. Media If you upload images to the website, you should avoid uploading images with embedded location data (EXIF GPS) included. Visitors to the website can download and extract any location data from images on the website. Cookies If you leave a comment on our site you may opt-in to saving your name, email address and website in cookies. These are for your convenience so that you do not have to fill in your details again when you leave another comment. These cookies will last for one year. If you visit our login page, we will set a temporary cookie to determine if your browser accepts cookies. This cookie contains no personal data and is discarded when you close your browser. When you log in, we will also set up several cookies to save your login information and your screen display choices. Login cookies last for two days, and screen options cookies last for a year. If you select &#8220;Remember Me&#8221;, your login will persist for two weeks. If you log out of your account, the login cookies will be removed. If you edit or publish an article, an additional cookie will be saved in your browser. This cookie includes no personal data and simply indicates the post ID of the article you just edited. It expires after 1 day. Embedded content from other websites Articles on this site may include embedded content (e.g. videos, images, articles, etc.). Embedded content from other websites behaves in the exact same way as if the visitor has visited the other website. These websites may collect data about you, use cookies, embed additional third-party tracking, and monitor your interaction with that embedded content, including tracking your interaction with the embedded content if you have an account and are logged in to that website. Who we share your data with If you request a password reset, your IP address will be included in the reset email. How long we retain your data If you leave a comment, the comment and its metadata are retained indefinitely. This is so we can recognize and approve any follow-up comments automatically instead of holding them in a moderation queue. For users that register on our website (if any), we also store the personal information they provide in their user profile. All users can see, edit, or delete their personal information at any time (except they cannot change their username). Website administrators can also see and edit that information. What rights you have over your data If you have an account on this site, or have left comments, you can request to receive an exported file of the personal data we hold about you, including any data you have provided to us. You can also request that we erase any personal data we hold about you. This does not include any data we are obliged to keep for administrative, legal, or security purposes. Where your data is sent Visitor comments may be checked through an automated spam detection service.<\/p>","protected":false},"author":1,"featured_media":0,"parent":0,"menu_order":0,"comment_status":"closed","ping_status":"open","template":"","meta":{"footnotes":""},"class_list":["post-3","page","type-page","status-publish","hentry"],"_links":{"self":[{"href":"https:\/\/elephant-lodge-cr.com\/de\/wp-json\/wp\/v2\/pages\/3","targetHints":{"allow":["GET"]}}],"collection":[{"href":"https:\/\/elephant-lodge-cr.com\/de\/wp-json\/wp\/v2\/pages"}],"about":[{"href":"https:\/\/elephant-lodge-cr.com\/de\/wp-json\/wp\/v2\/types\/page"}],"author":[{"embeddable":true,"href":"https:\/\/elephant-lodge-cr.com\/de\/wp-json\/wp\/v2\/users\/1"}],"replies":[{"embeddable":true,"href":"https:\/\/elephant-lodge-cr.com\/de\/wp-json\/wp\/v2\/comments?post=3"}],"version-history":[{"count":4,"href":"https:\/\/elephant-lodge-cr.com\/de\/wp-json\/wp\/v2\/pages\/3\/revisions"}],"predecessor-version":[{"id":59,"href":"https:\/\/elephant-lodge-cr.com\/de\/wp-json\/wp\/v2\/pages\/3\/revisions\/59"}],"wp:attachment":[{"href":"https:\/\/elephant-lodge-cr.com\/de\/wp-json\/wp\/v2\/media?parent=3"}],"curies":[{"name":"wp","href":"https:\/\/api.w.org\/{rel}","templated":true}]}}